{"id":174,"date":"2018-12-05T14:55:05","date_gmt":"2018-12-05T14:55:05","guid":{"rendered":"https:\/\/swing-guitars.com\/sg\/?page_id=174"},"modified":"2026-03-05T18:11:26","modified_gmt":"2026-03-05T18:11:26","slug":"start","status":"publish","type":"page","link":"https:\/\/swing-guitars.com\/sg\/start\/","title":{"rendered":"Home+News"},"content":{"rendered":"\n\t\t<!-- MasterSlider -->\n\t\t<div id=\"P_MS69ddffdbe3ab3\" class=\"master-slider-parent msl ms-parent-id-1\" style=\"\">\n\n\t\t\t\n\t\t\t<!-- MasterSlider Main -->\n\t\t\t<div id=\"MS69ddffdbe3ab3\" class=\"master-slider ms-skin-light-3\" >\n\t\t\t\t \t\t\t\t \n\t\t\t\t<div  class=\"ms-slide\" data-delay=\"4\" data-fill-mode=\"fill\"  >\n\t\t\t\t\t<img src=\"https:\/\/swing-guitars.com\/sg\/wp-content\/plugins\/master-slider\/public\/assets\/css\/blank.gif\" alt=\"\" title=\"\" data-src=\"https:\/\/swing-guitars.com\/sg\/wp-content\/uploads\/2018\/12\/swing-guitars.com_.03.jpg\" \/>\n\n\n\t<div class=\"ms-thumb\" ><div class=\"ms-tab-context\"><div class=&quot;ms-tab-context&quot;><\/div><\/div>\n<\/div>\n\t\t\t\t<\/div>\n\t\t\t\t<div  class=\"ms-slide\" data-delay=\"3\" data-fill-mode=\"fill\"  >\n\t\t\t\t\t<img src=\"https:\/\/swing-guitars.com\/sg\/wp-content\/plugins\/master-slider\/public\/assets\/css\/blank.gif\" alt=\"\" title=\"\" data-src=\"https:\/\/swing-guitars.com\/sg\/wp-content\/uploads\/2018\/12\/swing-guitars.com_.01.jpg\" \/>\n\n\n\t<div class=\"ms-thumb\" ><div class=\"ms-tab-context\"><div class=&quot;ms-tab-context&quot;><\/div><\/div>\n<\/div>\n\t\t\t\t<\/div>\n\t\t\t\t<div  class=\"ms-slide\" data-delay=\"3\" data-fill-mode=\"fill\"  >\n\t\t\t\t\t<img src=\"https:\/\/swing-guitars.com\/sg\/wp-content\/plugins\/master-slider\/public\/assets\/css\/blank.gif\" alt=\"\" title=\"\" data-src=\"https:\/\/swing-guitars.com\/sg\/wp-content\/uploads\/2018\/12\/swing-guitars.com_.02.jpg\" \/>\n\n\n\t<div class=\"ms-thumb\" ><div class=\"ms-tab-context\"><div class=&quot;ms-tab-context&quot;><\/div><\/div>\n<\/div>\n\t\t\t\t<\/div>\n\n\t\t\t<\/div>\n\t\t\t<!-- END MasterSlider Main -->\n\n\t\t\t \n\t\t<\/div>\n\t\t<!-- END MasterSlider -->\n\n\t\t<script>\n\t\t(function ( $ ) {\n\t\t\t\"use strict\";\n\n\t\t\t$(function () {\n\t\t\t\tvar masterslider_3ab3 = new MasterSlider();\n\n\t\t\t\t\/\/ slider controls\n\t\t\t\tmasterslider_3ab3.control('bullets'    ,{ autohide:true, overVideo:true, dir:'h', align:'bottom' , margin:10  });\n\n\t\t\t\t\/\/ slider setup\n\t\t\t\tmasterslider_3ab3.setup(\"MS69ddffdbe3ab3\", {\n\t\t\t\t\t\twidth           : 1220,\n\t\t\t\t\t\theight          : 220,\n\t\t\t\t\t\tminHeight       : 0,\n\t\t\t\t\t\tspace           : 0,\n\t\t\t\t\t\tstart           : 1,\n\t\t\t\t\t\tgrabCursor      : true,\n\t\t\t\t\t\tswipe           : true,\n\t\t\t\t\t\tmouse           : true,\n\t\t\t\t\t\tlayout          : \"fullwidth\",\n\t\t\t\t\t\twheel           : false,\n\t\t\t\t\t\tautoplay        : true,\n\t\t\t\t\t\tinstantStartLayers:false,\n\t\t\t\t\t\tloop            : true,\n\t\t\t\t\t\tshuffle         : false,\n\t\t\t\t\t\tpreload         : 0,\n\t\t\t\t\t\theightLimit     : true,\n\t\t\t\t\t\tautoHeight      : true,\n\t\t\t\t\t\tsmoothHeight    : true,\n\t\t\t\t\t\tendPause        : false,\n\t\t\t\t\t\toverPause       : true,\n\t\t\t\t\t\tfillMode        : \"fill\",\n\t\t\t\t\t\tcenterControls  : true,\n\t\t\t\t\t\tstartOnAppear   : false,\n\t\t\t\t\t\tlayersMode      : \"center\",\n\t\t\t\t\t\thideLayers      : false,\n\t\t\t\t\t\tfullscreenMargin: 0,\n\t\t\t\t\t\tspeed           : 5,\n\t\t\t\t\t\tdir             : \"h\",\n\t\t\t\t\t\tparallaxMode    : 'swipe',\n\t\t\t\t\t\tview            : \"fade\"\n\t\t\t\t});\n\n\t\t\t\t\n\t\t\t\twindow.masterslider_instances = window.masterslider_instances || [];\n\t\t\t\twindow.masterslider_instances.push( masterslider_3ab3 );\n\t\t\t });\n\n\t\t})(jQuery);\n\t\t<\/script>\n\n\n<h1>Die Jazz-Legende Django Reinhardt und der Gipsy-Swing<\/h1>\n<h2>Eleganz, Melancholie, Schwermut, Freude und Lebenslust<\/h2>\n<p>\u2026all das dr\u00fcckt die Musik des franz\u00f6sischen Zigeuners Django Reinhardt aus. Ein Genie auf der Gitarre, den das Schicksal 1928 zun\u00e4chst aus der Bahn warf \u2013 schwer verletzt bei einem Wohnwagenbrand, k\u00e4mpfte er sich wieder ins Leben zur\u00fcck \u2013 seine linke Hand verst\u00fcmmelt, zwei Finger verkr\u00fcppelt und f\u00fcr die Musik unbrauchbar. Hier beginnt eine unvergleichliche musikalische Karriere.Er entwickelte eine neue Gitarrentechnik und gr\u00fcndete mit dem Geiger Stephane Grappelli das ber\u00fchmte \u201eQuintette du Hot Club de France\u201c, mit 2 Gitarren, Violine und Kontrabass. Mit dieser aussergew\u00f6hnlichen Instrumentierung entstand ein ganz neuer Sound \u2013 Gitarrenjazz in Verbindung von Gipsyfolklore, Valse Musette und Swing der 30er Jahre \u2013 swingende europ\u00e4ische Zigeunermusik\u2026<\/p>\n<p><img loading=\"lazy\" class=\"alignleft wp-image-493 \" src=\"https:\/\/swing-guitars.com\/sg\/wp-content\/uploads\/2025\/02\/SwiGitFeuerbild.jpg\" alt=\"\" width=\"558\" height=\"418\" srcset=\"https:\/\/swing-guitars.com\/sg\/wp-content\/uploads\/2025\/02\/SwiGitFeuerbild.jpg 1500w, https:\/\/swing-guitars.com\/sg\/wp-content\/uploads\/2025\/02\/SwiGitFeuerbild-300x225.jpg 300w, https:\/\/swing-guitars.com\/sg\/wp-content\/uploads\/2025\/02\/SwiGitFeuerbild-1024x767.jpg 1024w, https:\/\/swing-guitars.com\/sg\/wp-content\/uploads\/2025\/02\/SwiGitFeuerbild-768x575.jpg 768w, https:\/\/swing-guitars.com\/sg\/wp-content\/uploads\/2025\/02\/SwiGitFeuerbild-1200x899.jpg 1200w\" sizes=\"(max-width: 558px) 85vw, 558px\" \/><\/p>\n<p>Das Trio \u201eSWING GUITARS\u201c pr\u00e4sentiert diese lebendige Musik mit Verehrung und Leidenschaft und f\u00fchrt so das Erbe des Meisters Django Reinhardt weiter.<br \/>\nDer unvergleichliche Klang der Akustikgitarren und der warme Ton des Kontrabasses versetzt die Zuh\u00f6rer in das Paris der 30er Jahre \u2013 in die Zeit von Django Reinhardt und Stephane Grappelli.<\/p>\n<h2>NEWS UND AKTUELLES<\/h2>\n<p><a href=\"https:\/\/swing-guitars.com\/sg\/termine\/\">Konzert-Termine sehen Sie HIER unter\u00a0 \u2022\u2022TERMINE\u2022\u2022.<\/a><\/p>\n<p><img loading=\"lazy\" class=\"alignnone wp-image-501\" src=\"https:\/\/swing-guitars.com\/sg\/wp-content\/uploads\/2025\/02\/KunstmarktSR23.jpg\" alt=\"\" width=\"500\" height=\"459\" srcset=\"https:\/\/swing-guitars.com\/sg\/wp-content\/uploads\/2025\/02\/KunstmarktSR23.jpg 868w, https:\/\/swing-guitars.com\/sg\/wp-content\/uploads\/2025\/02\/KunstmarktSR23-300x275.jpg 300w, https:\/\/swing-guitars.com\/sg\/wp-content\/uploads\/2025\/02\/KunstmarktSR23-768x705.jpg 768w\" sizes=\"(max-width: 500px) 85vw, 500px\" \/> <img loading=\"lazy\" class=\"alignnone wp-image-498\" src=\"https:\/\/swing-guitars.com\/sg\/wp-content\/uploads\/2025\/02\/SwingGuitars-Straubing-864x1024.jpg\" alt=\"\" width=\"500\" height=\"479\" \/><\/p>\n","protected":false},"excerpt":{"rendered":"<p>Die Jazz-Legende Django Reinhardt und der Gipsy-Swing Eleganz, Melancholie, Schwermut, Freude und Lebenslust \u2026all das dr\u00fcckt die Musik des franz\u00f6sischen Zigeuners Django Reinhardt aus. Ein Genie auf der Gitarre, den das Schicksal 1928 zun\u00e4chst aus der Bahn warf \u2013 schwer verletzt bei einem Wohnwagenbrand, k\u00e4mpfte er sich wieder ins Leben zur\u00fcck \u2013 seine linke Hand &hellip; <a href=\"https:\/\/swing-guitars.com\/sg\/start\/\" class=\"more-link\"><span class=\"screen-reader-text\">&#8222;Home+News&#8220; <\/span>weiterlesen<\/a><\/p>\n","protected":false},"author":1,"featured_media":0,"parent":0,"menu_order":0,"comment_status":"closed","ping_status":"closed","template":"","meta":[],"_links":{"self":[{"href":"https:\/\/swing-guitars.com\/sg\/wp-json\/wp\/v2\/pages\/174"}],"collection":[{"href":"https:\/\/swing-guitars.com\/sg\/wp-json\/wp\/v2\/pages"}],"about":[{"href":"https:\/\/swing-guitars.com\/sg\/wp-json\/wp\/v2\/types\/page"}],"author":[{"embeddable":true,"href":"https:\/\/swing-guitars.com\/sg\/wp-json\/wp\/v2\/users\/1"}],"replies":[{"embeddable":true,"href":"https:\/\/swing-guitars.com\/sg\/wp-json\/wp\/v2\/comments?post=174"}],"version-history":[{"count":42,"href":"https:\/\/swing-guitars.com\/sg\/wp-json\/wp\/v2\/pages\/174\/revisions"}],"predecessor-version":[{"id":555,"href":"https:\/\/swing-guitars.com\/sg\/wp-json\/wp\/v2\/pages\/174\/revisions\/555"}],"wp:attachment":[{"href":"https:\/\/swing-guitars.com\/sg\/wp-json\/wp\/v2\/media?parent=174"}],"curies":[{"name":"wp","href":"https:\/\/api.w.org\/{rel}","templated":true}]}}