{"id":2,"date":"2018-12-02T20:46:19","date_gmt":"2018-12-02T20:46:19","guid":{"rendered":"https:\/\/swing-guitars.com\/sg\/?page_id=2"},"modified":"2021-08-05T11:18:43","modified_gmt":"2021-08-05T11:18:43","slug":"impressum","status":"publish","type":"page","link":"https:\/\/swing-guitars.com\/sg\/impressum\/","title":{"rendered":"Impressum"},"content":{"rendered":"\n\t\t<!-- MasterSlider -->\n\t\t<div id=\"P_MS6a0982395dfa4\" class=\"master-slider-parent msl ms-parent-id-1\" style=\"\">\n\n\t\t\t\n\t\t\t<!-- MasterSlider Main -->\n\t\t\t<div id=\"MS6a0982395dfa4\" class=\"master-slider ms-skin-light-3\" >\n\t\t\t\t \t\t\t\t \n\t\t\t\t<div  class=\"ms-slide\" data-delay=\"4\" data-fill-mode=\"fill\"  >\n\t\t\t\t\t<img src=\"https:\/\/swing-guitars.com\/sg\/wp-content\/plugins\/master-slider\/public\/assets\/css\/blank.gif\" alt=\"\" title=\"\" data-src=\"https:\/\/swing-guitars.com\/sg\/wp-content\/uploads\/2018\/12\/swing-guitars.com_.03.jpg\" \/>\n\n\n\t<div class=\"ms-thumb\" ><div class=\"ms-tab-context\"><div class=&quot;ms-tab-context&quot;><\/div><\/div>\n<\/div>\n\t\t\t\t<\/div>\n\t\t\t\t<div  class=\"ms-slide\" data-delay=\"3\" data-fill-mode=\"fill\"  >\n\t\t\t\t\t<img src=\"https:\/\/swing-guitars.com\/sg\/wp-content\/plugins\/master-slider\/public\/assets\/css\/blank.gif\" alt=\"\" title=\"\" data-src=\"https:\/\/swing-guitars.com\/sg\/wp-content\/uploads\/2018\/12\/swing-guitars.com_.01.jpg\" \/>\n\n\n\t<div class=\"ms-thumb\" ><div class=\"ms-tab-context\"><div class=&quot;ms-tab-context&quot;><\/div><\/div>\n<\/div>\n\t\t\t\t<\/div>\n\t\t\t\t<div  class=\"ms-slide\" data-delay=\"3\" data-fill-mode=\"fill\"  >\n\t\t\t\t\t<img src=\"https:\/\/swing-guitars.com\/sg\/wp-content\/plugins\/master-slider\/public\/assets\/css\/blank.gif\" alt=\"\" title=\"\" data-src=\"https:\/\/swing-guitars.com\/sg\/wp-content\/uploads\/2018\/12\/swing-guitars.com_.02.jpg\" \/>\n\n\n\t<div class=\"ms-thumb\" ><div class=\"ms-tab-context\"><div class=&quot;ms-tab-context&quot;><\/div><\/div>\n<\/div>\n\t\t\t\t<\/div>\n\n\t\t\t<\/div>\n\t\t\t<!-- END MasterSlider Main -->\n\n\t\t\t \n\t\t<\/div>\n\t\t<!-- END MasterSlider -->\n\n\t\t<script>\n\t\t(function ( $ ) {\n\t\t\t\"use strict\";\n\n\t\t\t$(function () {\n\t\t\t\tvar masterslider_dfa4 = new MasterSlider();\n\n\t\t\t\t\/\/ slider controls\n\t\t\t\tmasterslider_dfa4.control('bullets'    ,{ autohide:true, overVideo:true, dir:'h', align:'bottom' , margin:10  });\n\n\t\t\t\t\/\/ slider setup\n\t\t\t\tmasterslider_dfa4.setup(\"MS6a0982395dfa4\", {\n\t\t\t\t\t\twidth           : 1220,\n\t\t\t\t\t\theight          : 220,\n\t\t\t\t\t\tminHeight       : 0,\n\t\t\t\t\t\tspace           : 0,\n\t\t\t\t\t\tstart           : 1,\n\t\t\t\t\t\tgrabCursor      : true,\n\t\t\t\t\t\tswipe           : true,\n\t\t\t\t\t\tmouse           : true,\n\t\t\t\t\t\tlayout          : \"fullwidth\",\n\t\t\t\t\t\twheel           : false,\n\t\t\t\t\t\tautoplay        : true,\n\t\t\t\t\t\tinstantStartLayers:false,\n\t\t\t\t\t\tloop            : true,\n\t\t\t\t\t\tshuffle         : false,\n\t\t\t\t\t\tpreload         : 0,\n\t\t\t\t\t\theightLimit     : true,\n\t\t\t\t\t\tautoHeight      : true,\n\t\t\t\t\t\tsmoothHeight    : true,\n\t\t\t\t\t\tendPause        : false,\n\t\t\t\t\t\toverPause       : true,\n\t\t\t\t\t\tfillMode        : \"fill\",\n\t\t\t\t\t\tcenterControls  : true,\n\t\t\t\t\t\tstartOnAppear   : false,\n\t\t\t\t\t\tlayersMode      : \"center\",\n\t\t\t\t\t\thideLayers      : false,\n\t\t\t\t\t\tfullscreenMargin: 0,\n\t\t\t\t\t\tspeed           : 5,\n\t\t\t\t\t\tdir             : \"h\",\n\t\t\t\t\t\tparallaxMode    : 'swipe',\n\t\t\t\t\t\tview            : \"fade\"\n\t\t\t\t});\n\n\t\t\t\t\n\t\t\t\twindow.masterslider_instances = window.masterslider_instances || [];\n\t\t\t\twindow.masterslider_instances.push( masterslider_dfa4 );\n\t\t\t });\n\n\t\t})(jQuery);\n\t\t<\/script>\n\n\n<h1>Impressum<\/h1>\n<p>SWING GUITARS<\/p>\n<p>Ferry Baierl<br \/>\nK\u00f6hlerweg 12<br \/>\n93437 Furth im Wald<\/p>\n<p>Tel\u00a0\u00a0 0 99 73 &#8211; 40 55<br \/>\nFax\u00a0 0 99 73 &#8211; 45 66<\/p>\n<p>E-Mail: info@swing-guitars.com<\/p>\n<p>&nbsp;<\/p>\n<p>Besuchen Sie auch unsere weiteren Seiten:<br \/>\n<strong>KUNST \u2022 DESIGN \u2022 JAZZ \u2022 NETZWERK \u2022 MESSE<\/strong><\/p>\n<p><a href=\"http:\/\/www.cc-furth.de\" target=\"_blank\" rel=\"noopener\">www.cc-furth.de<\/a><br \/>\n<a href=\"http:\/\/www.zigeunerjazz.de\" target=\"_blank\" rel=\"noopener\">www.zigeunerjazz.de<\/a><br \/>\n<a href=\"http:\/\/www.helmutnieberle.de\" target=\"_blank\" rel=\"noopener\">www.helmutnieberle.de<\/a><br \/>\n<a href=\"https:\/\/ois.gmachtin.bayern\" title=\"INTERNET.gmachtin.Bayern - Kunst, Kultur und gute Laune\" target=\"_blank\" rel=\"noopener\">ois.gmachtin.bayern<\/a><br \/>\n<a href=\"https:\/\/messedigital.bayern\" title=\"Die neue digitale Messe- und Event-Plattform: MesseDigital.Bayern\" target=\"_blank\" rel=\"noopener\">MesseDigital.Bayern<\/a><\/p>\n<p>&nbsp;<\/p>\n<h3>Disclaimer \u2013 rechtliche Hinweise:<\/h3>\n<p>1. Haftungsbeschr\u00e4nkung<\/p>\n<p>Die Inhalte dieser Website werden mit gr\u00f6\u00dftm\u00f6glicher Sorgfalt erstellt. Der Anbieter \u00fcbernimmt jedoch keine Gew\u00e4hr f\u00fcr die Richtigkeit, Vollst\u00e4ndigkeit und Aktualit\u00e4t der bereitgestellten Inhalte. Die Nutzung der Inhalte der Website erfolgt auf eigene Gefahr des Nutzers. Namentlich gekennzeichnete Beitr\u00e4ge geben die Meinung des jeweiligen Autors und nicht immer die Meinung des Anbieters wieder. Mit der reinen Nutzung der Website des Anbieters kommt keinerlei Vertragsverh\u00e4ltnis zwischen dem Nutzer und dem Anbieter zustande.<\/p>\n<p>2. Externe Links<\/p>\n<p>Diese Website enth\u00e4lt Verkn\u00fcpfungen zu Websites Dritter (\u201eexterne Links\u201c). Diese Websites unterliegen der Haftung der jeweiligen Betreiber. Der Anbieter hat bei der erstmaligen Verkn\u00fcpfung der externen Links die fremden Inhalte daraufhin \u00fcberpr\u00fcft, ob etwaige Rechtsverst\u00f6\u00dfe bestehen. Zu dem Zeitpunkt waren keine Rechtsverst\u00f6\u00dfe ersichtlich. Der Anbieter hat keinerlei Einfluss auf die aktuelle und zuk\u00fcnftige Gestaltung und auf die Inhalte der verkn\u00fcpften Seiten. Das Setzen von externen Links bedeutet nicht, dass sich der Anbieter die hinter dem Verweis oder Link liegenden Inhalte zu Eigen macht. Eine st\u00e4ndige Kontrolle der externen Links ist f\u00fcr den Anbieter ohne konkrete Hinweise auf Rechtsverst\u00f6\u00dfe nicht zumutbar. Bei Kenntnis von Rechtsverst\u00f6\u00dfen werden jedoch derartige externe Links unverz\u00fcglich gel\u00f6scht.<\/p>\n<p>3. Urheber- und Leistungsschutzrechte<\/p>\n<p>Die auf dieser Website ver\u00f6ffentlichten Inhalte unterliegen dem deutschen Urheber- und Leistungsschutzrecht. Jede vom deutschen Urheber- und Leistungsschutzrecht nicht zugelassene Verwertung bedarf der vorherigen schriftlichen Zustimmung des Anbieters oder jeweiligen Rechteinhabers. Dies gilt insbesondere f\u00fcr Vervielf\u00e4ltigung, Bearbeitung, \u00dcbersetzung, Einspeicherung, Verarbeitung bzw. Wiedergabe von Inhalten in Datenbanken oder anderen elektronischen Medien und Systemen. Inhalte und Rechte Dritter sind dabei als solche gekennzeichnet. Die unerlaubte Vervielf\u00e4ltigung oder Weitergabe einzelner Inhalte oder kompletter Seiten ist nicht gestattet und strafbar. Lediglich die Herstellung von Kopien und Downloads f\u00fcr den pers\u00f6nlichen, privaten und nicht kommerziellen Gebrauch ist erlaubt.<\/p>\n<p>Die Darstellung dieser Website in fremden Frames ist nur mit schriftlicher Erlaubnis zul\u00e4ssig.<\/p>\n<p>4. Datenschutzerkl\u00e4rung<\/p>\n<p>Datenschutz<br \/>\nNachfolgend m\u00f6chten wir Sie \u00fcber unsere Datenschutzerkl\u00e4rung informieren. Sie finden hier Informationen \u00fcber die Erhebung und Verwendung pers\u00f6nlicher Daten bei der Nutzung unserer Webseite. Wir beachten dabei das f\u00fcr Deutschland geltende Datenschutzrecht. Sie k\u00f6nnen diese Erkl\u00e4rung jederzeit auf unserer Webseite abrufen.<\/p>\n<p>Wir weisen ausdr\u00fccklich darauf hin, dass die Daten\u00fcbertragung im Internet (z.B. bei der Kommunikation per E-Mail) Sicherheitsl\u00fccken aufweisen und nicht l\u00fcckenlos vor dem Zugriff durch Dritte gesch\u00fctzt werden kann.<\/p>\n<p>Die Verwendung der Kontaktdaten unseres Impressums zur gewerblichen Werbung ist ausdr\u00fccklich nicht erw\u00fcnscht, es sei denn wir hatten zuvor unsere schriftliche Einwilligung erteilt oder es besteht bereits eine Gesch\u00e4ftsbeziehung. Der Anbieter und alle auf dieser Website genannten Personen widersprechen hiermit jeder kommerziellen Verwendung und Weitergabe ihrer Daten.<\/p>\n<p>Personenbezogene Daten<br \/>\nSie k\u00f6nnen unsere Webseite ohne Angabe personenbezogener Daten besuchen. Soweit auf unseren Seiten personenbezogene Daten (wie Name, Anschrift oder E-Mail Adresse) erhoben werden, erfolgt dies, soweit m\u00f6glich, auf freiwilliger Basis. Diese Daten werden ohne Ihre ausdr\u00fcckliche Zustimmung nicht an Dritte weitergegeben. Sofern zwischen Ihnen und uns ein Vertragsverh\u00e4ltnis begr\u00fcndet, inhaltlich ausgestaltet oder ge\u00e4ndert werden soll oder Sie an uns eine Anfrage stellen, erheben und verwenden wir personenbezogene Daten von Ihnen, soweit dies zu diesen Zwecken erforderlich ist (Bestandsdaten). Wir erheben, verarbeiten und nutzen personenbezogene Daten soweit dies erforderlich ist, um Ihnen die Inanspruchnahme des Webangebots zu erm\u00f6glichen (Nutzungsdaten). S\u00e4mtliche personenbezogenen Daten werden nur solange gespeichert wie dies f\u00fcr den geannten Zweck (Bearbeitung Ihrer Anfrage oder Abwicklung eines Vertrags) erforderlich ist. Hierbei werden steuer- und handelsrechtliche Aufbewahrungsfristen ber\u00fccksichtigt. Auf Anordnung der zust\u00e4ndigen Stellen d\u00fcrfen wir im Einzelfall Auskunft \u00fcber diese Daten (Bestandsdaten) erteilen, soweit dies f\u00fcr Zwecke der Strafverfolgung, zur Gefahrenabwehr, zur Erf\u00fcllung der gesetzlichen Aufgaben der Verfassungsschutzbeh\u00f6rden oder des Milit\u00e4rischen Abschirmdienstes oder zur Durchsetzung der Rechte am geistigen Eigentum erforderlich ist.<\/p>\n<p>Cookies<br \/>\nDie Internetseiten verwenden teilweise so genannte Cookies. Cookies richten auf Ihrem Rechner keinen Schaden an und enthalten keine Viren. Cookies dienen dazu, unser Angebot nutzerfreundlicher, effektiver und sicherer zu machen. Cookies sind kleine Textdateien, die auf Ihrem Rechner abgelegt werden und die Ihr Browser speichert. Die meisten der von uns verwendeten Cookies sind so genannte \u0084Session-Cookies\u0093. Sie werden nach Ende Ihres Besuchs automatisch gel\u00f6scht. Andere Cookies bleiben auf Ihrem Endger\u00e4t gespeichert, bis Sie diese l\u00f6schen. Diese Cookies erm\u00f6glichen es uns, Ihren Browser beim n\u00e4chsten Besuch wiederzuerkennen. Sie k\u00f6nnen Ihren Browser so einstellen, dass Sie \u00fcber das Setzen von Cookies informiert werden und Cookies nur im Einzelfall erlauben, die Annahme von Cookies f\u00fcr bestimmte F\u00e4lle oder generell ausschlie\u00dfen sowie das automatische L\u00f6schen der Cookies beim Schlie\u00dfen des Browser aktivieren. Bei der Deaktivierung von Cookies kann die Funktionalit\u00e4t dieser Website eingeschr\u00e4nkt sein.<\/p>\n<p>Server-Log-Files<br \/>\nDer Provider der Seiten erhebt und speichert automatisch Informationen in so genannten Server-Log Files, die Ihr Browser automatisch an uns \u00fcbermittelt. Dies sind: Browsertyp und Browserversion, verwendetes Betriebssystem, Referrer, URL, Hostname des zugreifenden Rechners, Uhrzeit der Serveranfrage. Diese Daten sind nicht bestimmten Personen zuordenbar. Eine Zusammenf\u00fchrung dieser Daten mit anderen Datenquellen wird nicht vorgenommen. Wir behalten uns vor, diese Daten nachtr\u00e4glich zu pr\u00fcfen, wenn uns konkrete Anhaltspunkte f\u00fcr eine rechtswidrige Nutzung bekannt werden.<\/p>\n<p>Auskunftsrecht<br \/>\nSie haben das jederzeitige Recht, sich unentgeltlich und unverz\u00fcglich \u00fcber die zu Ihrer Person erhobenen Daten zu erkundigen. Sie haben das jederzeitige Recht, Ihre Zustimmung zur Verwendung Ihrer angegeben pers\u00f6nlichen Daten mit Wirkung f\u00fcr die Zukunft zu widerrufen. Zur Auskunftserteilung wenden Sie sich bitte an den Anbieter unter den Kontaktdaten im Impressum.<\/p>\n<p>5. Besondere Nutzungsbedingungen<\/p>\n<p>Soweit besondere Bedingungen f\u00fcr einzelne Nutzungen dieser Website von den vorgenannten Nummern 1. bis 4. abweichen, wird an entsprechender Stelle ausdr\u00fccklich darauf hingewiesen. In diesem Falle gelten im jeweiligen Einzelfall die besonderen Nutzungsbedingungen.<\/p>\n<p>Quelle: <a href=\"http:\/\/experten-branchenbuch.de\">www.experten-branchenbuch.de<\/a><\/p>\n<p>&nbsp;<\/p>\n<p>F\u00fcr weitergehende Detail beachten Sie bitte auch unsere <a title=\"zur Datenschutzerkl\u00e4rung\" href=\"https:\/\/swing-guitars.com\/sg\/datenschutz\/\">Datenschutzerkl\u00e4rung<\/a>.<\/p>\n<p>&nbsp;<\/p>\n<p>&nbsp;<\/p>\n<p>&nbsp;<\/p>\n<p>&nbsp;<\/p>\n<p>Bilder:<\/p>\n<p>Viele der auf dieser website gezeigten Bilder sind Fotografien von Peter Schrettenbrunner mit seinem besonderen Blick auf &#8230; <a href=\"http:\/\/pr.achtvoll.es\">pr.achtvoll.es<\/a> &#8230; in Bayern \ud83d\ude09<\/p>\n<p>Pressematerial auf Anfrage.<\/p>\n<p>&nbsp;<\/p>\n<p>Wir sind auch zu finden im jungen bayerischen Netzwerk \u2026<br \/>\n<a title=\"OIS.gmachtin.bayern\" href=\"https:\/\/ois.gmachtin.bayern\/\"><img loading=\"lazy\" title=\"OIS.gmachtin.bayern\" src=\"https:\/\/ois.gmachtin.bayern\/images\/logo_negativ.svg\" alt=\"OIS.gmachtin.bayern\" width=\"60\" height=\"60\" \/>OIS.gmachtin.bayern<\/a><\/p>\n<p>Professionelle Website Gestaltung, technische und redaktionelle Realisierung, Hosting:<br \/>\n<a class=\"privacy-policy-link\" title=\"schrettenbrunner.net\" href=\"http:\/\/schrettenbrunner.net\" target=\"_blank\" rel=\"noopener noreferrer\">schrettenbrunner.net<\/a><\/p>\n","protected":false},"excerpt":{"rendered":"<p>Impressum SWING GUITARS Ferry Baierl K\u00f6hlerweg 12 93437 Furth im Wald Tel\u00a0\u00a0 0 99 73 &#8211; 40 55 Fax\u00a0 0 99 73 &#8211; 45 66 E-Mail: info@swing-guitars.com &nbsp; Besuchen Sie auch unsere weiteren Seiten: KUNST \u2022 DESIGN \u2022 JAZZ \u2022 NETZWERK \u2022 MESSE www.cc-furth.de www.zigeunerjazz.de www.helmutnieberle.de ois.gmachtin.bayern MesseDigital.Bayern &nbsp; Disclaimer \u2013 rechtliche Hinweise: 1. Haftungsbeschr\u00e4nkung &hellip; <a href=\"https:\/\/swing-guitars.com\/sg\/impressum\/\" class=\"more-link\"><span class=\"screen-reader-text\">&#8222;Impressum&#8220; <\/span>weiterlesen<\/a><\/p>\n","protected":false},"author":1,"featured_media":0,"parent":0,"menu_order":0,"comment_status":"closed","ping_status":"open","template":"","meta":[],"_links":{"self":[{"href":"https:\/\/swing-guitars.com\/sg\/wp-json\/wp\/v2\/pages\/2"}],"collection":[{"href":"https:\/\/swing-guitars.com\/sg\/wp-json\/wp\/v2\/pages"}],"about":[{"href":"https:\/\/swing-guitars.com\/sg\/wp-json\/wp\/v2\/types\/page"}],"author":[{"embeddable":true,"href":"https:\/\/swing-guitars.com\/sg\/wp-json\/wp\/v2\/users\/1"}],"replies":[{"embeddable":true,"href":"https:\/\/swing-guitars.com\/sg\/wp-json\/wp\/v2\/comments?post=2"}],"version-history":[{"count":24,"href":"https:\/\/swing-guitars.com\/sg\/wp-json\/wp\/v2\/pages\/2\/revisions"}],"predecessor-version":[{"id":470,"href":"https:\/\/swing-guitars.com\/sg\/wp-json\/wp\/v2\/pages\/2\/revisions\/470"}],"wp:attachment":[{"href":"https:\/\/swing-guitars.com\/sg\/wp-json\/wp\/v2\/media?parent=2"}],"curies":[{"name":"wp","href":"https:\/\/api.w.org\/{rel}","templated":true}]}}